{"id":15,"date":"2014-09-18T00:04:20","date_gmt":"2014-09-18T03:04:20","guid":{"rendered":"https:\/\/bragaebuzzo.com.br\/negocios-imobiliarios\/?page_id=15"},"modified":"2014-10-06T20:38:40","modified_gmt":"2014-10-06T23:38:40","slug":"sobre-nos","status":"publish","type":"page","link":"https:\/\/bragaebuzzo.com.br\/negocios-imobiliarios\/sobre-nos\/","title":{"rendered":"Sobre n\u00f3s"},"content":{"rendered":"<p>A <strong>Braga e Buzzo Neg\u00f3cios Imobili\u00e1rios <\/strong>trabalha com loca\u00e7\u00e3o\/administra\u00e7\u00e3o de im\u00f3veis, intermedia\u00e7\u00f5es de compra e venda, bem como a an\u00e1lise de documenta\u00e7\u00e3o imobili\u00e1ria, sempre primando pelo contato direto com os clientes e o acompanhamento de profissionais atuantes e respons\u00e1veis.<\/p>\n<p>Atuamos no mercado imobili\u00e1rio de Americana e cidades circunvizinhas de forma independente e correta desde <strong>09\/04\/2002<\/strong>, contando com profissionais com mais de 20 (vinte) anos de experi\u00eancia em neg\u00f3cio imobili\u00e1rios.<\/p>\n<p>A <strong>Braga e Buzzo Neg\u00f3cios Imobili\u00e1rios <\/strong>ter\u00e1 imensa satisfa\u00e7\u00e3o em disponibilizar seus pr\u00e9stimos e aten\u00e7\u00e3o a voc\u00ea cliente, venha nos fazer uma visita e conhecer nossa conduta de trabalho.<\/p>\n<p>&nbsp;<\/p>\n<h3><strong>Servi\u00e7os<\/strong><\/h3>\n<ul>\n<li>Loca\u00e7\u00e3o\/Administra\u00e7\u00e3o de Im\u00f3veis<\/li>\n<li>Compra e Venda<\/li>\n<li>Documenta\u00e7\u00e3o Imobili\u00e1ria<\/li>\n<\/ul>\n","protected":false},"excerpt":{"rendered":"<p>A Braga e Buzzo Neg\u00f3cios Imobili\u00e1rios trabalha com loca\u00e7\u00e3o\/administra\u00e7\u00e3o de im\u00f3veis, intermedia\u00e7\u00f5es de compra e venda, bem como a an\u00e1lise de documenta\u00e7\u00e3o imobili\u00e1ria, sempre primando pelo contato direto com os clientes e o acompanhamento de profissionais atuantes e respons\u00e1veis. Atuamos no mercado imobili\u00e1rio de Americana e cidades circunvizinhas de forma independente e correta desde 09\/04\/2002, [&hellip;]<\/p>\n","protected":false},"author":1,"featured_media":0,"parent":0,"menu_order":0,"comment_status":"open","ping_status":"open","template":"","meta":{"footnotes":""},"_links":{"self":[{"href":"https:\/\/bragaebuzzo.com.br\/negocios-imobiliarios\/wp-json\/wp\/v2\/pages\/15"}],"collection":[{"href":"https:\/\/bragaebuzzo.com.br\/negocios-imobiliarios\/wp-json\/wp\/v2\/pages"}],"about":[{"href":"https:\/\/bragaebuzzo.com.br\/negocios-imobiliarios\/wp-json\/wp\/v2\/types\/page"}],"author":[{"embeddable":true,"href":"https:\/\/bragaebuzzo.com.br\/negocios-imobiliarios\/wp-json\/wp\/v2\/users\/1"}],"replies":[{"embeddable":true,"href":"https:\/\/bragaebuzzo.com.br\/negocios-imobiliarios\/wp-json\/wp\/v2\/comments?post=15"}],"version-history":[{"count":4,"href":"https:\/\/bragaebuzzo.com.br\/negocios-imobiliarios\/wp-json\/wp\/v2\/pages\/15\/revisions"}],"predecessor-version":[{"id":38,"href":"https:\/\/bragaebuzzo.com.br\/negocios-imobiliarios\/wp-json\/wp\/v2\/pages\/15\/revisions\/38"}],"wp:attachment":[{"href":"https:\/\/bragaebuzzo.com.br\/negocios-imobiliarios\/wp-json\/wp\/v2\/media?parent=15"}],"curies":[{"name":"wp","href":"https:\/\/api.w.org\/{rel}","templated":true}]}}